{"id":481,"date":"2018-03-30T12:47:40","date_gmt":"2018-03-30T12:47:40","guid":{"rendered":"http:\/\/maduixacreacions.com\/compania\/"},"modified":"2023-05-30T15:10:22","modified_gmt":"2023-05-30T15:10:22","slug":"companyia","status":"publish","type":"page","link":"https:\/\/maduixacreacions.com\/val\/companyia\/","title":{"rendered":"Companyia"},"content":{"rendered":"<p>Des de la seva fundaci\u00f3 en 2004, la Cia.Maduixa elabora creacions art\u00edstiques de sala i de carrer per a tots els p\u00fablics. La recerca i la mescla de disciplines s\u00f3n el principal motor creatiu en cada producci\u00f3 de la companyia, amb l&#8217;objectiu d&#8217;explorar nous llenguatges esc\u00e8nics i arriscar sempre per a crear les seves pr\u00f2pies hist\u00f2ries.<br \/>\nLa companyia ha aconseguit un estil propi present en els seus m\u00e9s de dotze produccions, fruit de la fusi\u00f3 de la dansa, les arts pl\u00e0stiques i les noves tecnologies que es combinen amb els cossos dels int\u00e8rprets creant imatges d&#8217;una gran po\u00e8tica visual.<br \/>\nAl llarg d&#8217;aquests anys, les seves creacions han estat guardonades amb m\u00e9s d&#8217;una vintena de premis, entre ells, tres Premis MAX (m\u00e0xim reconeixement de les arts esc\u00e8niques a Espanya) i cinc Premis FETEN (Fira Europea de teatre per a la inf\u00e0ncia). La internacionalitzaci\u00f3 de la companyia l&#8217;ha portat a viatjar a m\u00e9s de 25 pa\u00efsos de tot el m\u00f3n visitant un gran nombre de teatres i festivals.<\/p>\n<p>A m\u00e9s, la companyia ha participat en diverses activitats complement\u00e0ries del m\u00f3n de les arts esc\u00e8niques, com la coordinaci\u00f3 &amp; direcci\u00f3 art\u00edstica de la Mostra Internacional del Mim de Sueca del 2009 al 2021.<\/p>\n","protected":false},"excerpt":{"rendered":"<p>Des de la seva fundaci\u00f3 en 2004, la Cia.Maduixa elabora creacions art\u00edstiques de sala i de carrer per a tots &hellip; <a href=\"https:\/\/maduixacreacions.com\/val\/companyia\/\">Continued<\/a><\/p>\n","protected":false},"author":1,"featured_media":0,"parent":0,"menu_order":0,"comment_status":"closed","ping_status":"closed","template":"template-compania.php","meta":{"_acf_changed":false,"footnotes":""},"class_list":["post-481","page","type-page","status-publish","hentry"],"acf":[],"_links":{"self":[{"href":"https:\/\/maduixacreacions.com\/val\/wp-json\/wp\/v2\/pages\/481","targetHints":{"allow":["GET"]}}],"collection":[{"href":"https:\/\/maduixacreacions.com\/val\/wp-json\/wp\/v2\/pages"}],"about":[{"href":"https:\/\/maduixacreacions.com\/val\/wp-json\/wp\/v2\/types\/page"}],"author":[{"embeddable":true,"href":"https:\/\/maduixacreacions.com\/val\/wp-json\/wp\/v2\/users\/1"}],"replies":[{"embeddable":true,"href":"https:\/\/maduixacreacions.com\/val\/wp-json\/wp\/v2\/comments?post=481"}],"version-history":[{"count":7,"href":"https:\/\/maduixacreacions.com\/val\/wp-json\/wp\/v2\/pages\/481\/revisions"}],"predecessor-version":[{"id":2692,"href":"https:\/\/maduixacreacions.com\/val\/wp-json\/wp\/v2\/pages\/481\/revisions\/2692"}],"wp:attachment":[{"href":"https:\/\/maduixacreacions.com\/val\/wp-json\/wp\/v2\/media?parent=481"}],"curies":[{"name":"wp","href":"https:\/\/api.w.org\/{rel}","templated":true}]}}