{"id":502,"date":"2018-03-29T18:43:51","date_gmt":"2018-03-29T18:43:51","guid":{"rendered":"http:\/\/maduixacreacions.com\/home\/"},"modified":"2020-04-27T14:28:18","modified_gmt":"2020-04-27T14:28:18","slug":"home","status":"publish","type":"page","link":"https:\/\/maduixacreacions.com\/fr\/","title":{"rendered":"Danse + \u00e9motions + po\u00e9sie visuelle"},"content":{"rendered":"<p>Depuis sa fondation en 2004, la Cie. Maduixa cr\u00e9e des \u0153uvres autant pour les salles que pour la rue et destin\u00e9es \u00e0 tous les publics. La recherche et le m\u00e9lange de disciplines sont le principal moteur cr\u00e9atif de chaque production de la compagnie, dans le but d&rsquo;explorer de nouveaux langages sc\u00e9niques et de toujours prendre des risques afin de cr\u00e9er des histoires qui leurs sont propres.<\/p>\n<p>La compagnie a r\u00e9alis\u00e9 un style unique, pr\u00e9sent dans ses plus de douze productions; le r\u00e9sultat de la fusion de la danse, des arts visuels et des nouvelles technologies qui se combinent avec les corps des interpr\u00e8tes cr\u00e9e des images d&rsquo;une grande po\u00e9sie visuelle.<\/p>\n","protected":false},"excerpt":{"rendered":"<p>Depuis sa fondation en 2004, la Cie. Maduixa cr\u00e9e des \u0153uvres autant pour les salles que pour la rue et &hellip; <a href=\"https:\/\/maduixacreacions.com\/fr\/\">Continued<\/a><\/p>\n","protected":false},"author":1,"featured_media":0,"parent":0,"menu_order":0,"comment_status":"closed","ping_status":"closed","template":"template-home.php","meta":{"_acf_changed":false,"footnotes":""},"class_list":["post-502","page","type-page","status-publish","hentry"],"acf":[],"_links":{"self":[{"href":"https:\/\/maduixacreacions.com\/fr\/wp-json\/wp\/v2\/pages\/502","targetHints":{"allow":["GET"]}}],"collection":[{"href":"https:\/\/maduixacreacions.com\/fr\/wp-json\/wp\/v2\/pages"}],"about":[{"href":"https:\/\/maduixacreacions.com\/fr\/wp-json\/wp\/v2\/types\/page"}],"author":[{"embeddable":true,"href":"https:\/\/maduixacreacions.com\/fr\/wp-json\/wp\/v2\/users\/1"}],"replies":[{"embeddable":true,"href":"https:\/\/maduixacreacions.com\/fr\/wp-json\/wp\/v2\/comments?post=502"}],"version-history":[{"count":4,"href":"https:\/\/maduixacreacions.com\/fr\/wp-json\/wp\/v2\/pages\/502\/revisions"}],"predecessor-version":[{"id":1570,"href":"https:\/\/maduixacreacions.com\/fr\/wp-json\/wp\/v2\/pages\/502\/revisions\/1570"}],"wp:attachment":[{"href":"https:\/\/maduixacreacions.com\/fr\/wp-json\/wp\/v2\/media?parent=502"}],"curies":[{"name":"wp","href":"https:\/\/api.w.org\/{rel}","templated":true}]}}