{"id":480,"date":"2018-03-30T12:47:40","date_gmt":"2018-03-30T12:47:40","guid":{"rendered":"http:\/\/maduixacreacions.com\/compania\/"},"modified":"2023-05-30T15:08:45","modified_gmt":"2023-05-30T15:08:45","slug":"compagnie","status":"publish","type":"page","link":"https:\/\/maduixacreacions.com\/fr\/compagnie\/","title":{"rendered":"Compagnie"},"content":{"rendered":"<p>Depuis sa fondation en 2004, la Cie. Maduixa cr\u00e9e des \u0153uvres autant pour les salles que pour la rue et destin\u00e9es \u00e0 tous les publics. La recherche et le m\u00e9lange de disciplines sont le principal moteur cr\u00e9atif de chaque production de la compagnie, dans le but d&rsquo;explorer de nouveaux langages sc\u00e9niques et de toujours prendre des risques afin de cr\u00e9er des histoires qui leurs sont propres.<br \/>\nLa compagnie a r\u00e9alis\u00e9 un style unique, pr\u00e9sent dans ses plus de douze productions; le r\u00e9sultat de la fusion de la danse, des arts visuels et des nouvelles technologies qui se combinent avec les corps des interpr\u00e8tes cr\u00e9e des images d&rsquo;une grande po\u00e9sie visuelle.<\/p>\n<p>Au fil des ans, ses cr\u00e9ations ont remport\u00e9 plus de vingt prix, dont trois prix MAX (la plus haute reconnaissance des arts du spectacle en Espagne) et cinq prix FETEN (salon europ\u00e9en du th\u00e9\u00e2tre pour l&rsquo;enfance). L&rsquo;internationalisation de la compagnie l&rsquo;a amen\u00e9e \u00e0 voyager dans plus de 25 pays \u00e0 travers le monde pour visiter un grand nombre de th\u00e9\u00e2tres et de festivals.<\/p>\n<p>En outre, la compagnie a particip\u00e9 \u00e0 diverses activit\u00e9s compl\u00e9mentaires dans le monde des arts du spectacle, telles que la coordination &amp; direction artistique du Festival International de Mime \u00e0 Sueca (Valencia, Espagne), 2009-2021.<\/p>\n","protected":false},"excerpt":{"rendered":"<p>Depuis sa fondation en 2004, la Cie. Maduixa cr\u00e9e des \u0153uvres autant pour les salles que pour la rue et &hellip; <a href=\"https:\/\/maduixacreacions.com\/fr\/compagnie\/\">Continued<\/a><\/p>\n","protected":false},"author":1,"featured_media":0,"parent":0,"menu_order":0,"comment_status":"closed","ping_status":"closed","template":"template-compania.php","meta":{"_acf_changed":false,"footnotes":""},"class_list":["post-480","page","type-page","status-publish","hentry"],"acf":[],"_links":{"self":[{"href":"https:\/\/maduixacreacions.com\/fr\/wp-json\/wp\/v2\/pages\/480","targetHints":{"allow":["GET"]}}],"collection":[{"href":"https:\/\/maduixacreacions.com\/fr\/wp-json\/wp\/v2\/pages"}],"about":[{"href":"https:\/\/maduixacreacions.com\/fr\/wp-json\/wp\/v2\/types\/page"}],"author":[{"embeddable":true,"href":"https:\/\/maduixacreacions.com\/fr\/wp-json\/wp\/v2\/users\/1"}],"replies":[{"embeddable":true,"href":"https:\/\/maduixacreacions.com\/fr\/wp-json\/wp\/v2\/comments?post=480"}],"version-history":[{"count":11,"href":"https:\/\/maduixacreacions.com\/fr\/wp-json\/wp\/v2\/pages\/480\/revisions"}],"predecessor-version":[{"id":2688,"href":"https:\/\/maduixacreacions.com\/fr\/wp-json\/wp\/v2\/pages\/480\/revisions\/2688"}],"wp:attachment":[{"href":"https:\/\/maduixacreacions.com\/fr\/wp-json\/wp\/v2\/media?parent=480"}],"curies":[{"name":"wp","href":"https:\/\/api.w.org\/{rel}","templated":true}]}}